{"id":917,"date":"2025-12-04T11:10:05","date_gmt":"2025-12-04T11:10:05","guid":{"rendered":"https:\/\/apartmanykb.sk\/wellness-and-spa\/"},"modified":"2026-03-06T13:13:35","modified_gmt":"2026-03-06T13:13:35","slug":"wellness-and-spa","status":"publish","type":"page","link":"https:\/\/apartmanykb.sk\/en\/wellness-and-spa\/","title":{"rendered":"Wellness and Spa"},"content":{"rendered":"<section class=\"l-section wpb_row us_custom_03422b81 section-relative height_auto\"><div class=\"l-section-h i-cf\"><div class=\"g-cols vc_row via_grid cols_2 laptops-cols_inherit tablets-cols_inherit mobiles-cols_1 valign_middle type_default stacking_default\" style=\"--columns-gap:3rem;--laptops-columns-gap:3rem;--tablets-columns-gap:2rem;--mobiles-columns-gap:2rem;\"><div class=\"wpb_column vc_column_container us_custom_85f1c2e7 us_animate_this\"><div class=\"vc_column-inner\"><div class=\"wpb_text_column us_custom_466f2f88 label-14 has_text_color\"><div class=\"wpb_wrapper\"><p>Wellness  spa<\/p>\n<\/div><\/div><div class=\"wpb_text_column\"><div class=\"wpb_wrapper\"><h1>Accommodation includes wellness relaxation<\/h1>\n<\/div><\/div><div class=\"w-hwrapper us_custom_147ab9a7 hide_on_default hide_on_laptops valign_top align_none\" style=\"--hwrapper-gap:0px\"><div class=\"w-image us_custom_2034482b has_ratio align_none\"><div class=\"w-image-h\"><div style=\"padding-bottom:100%\"><\/div><img fetchpriority=\"high\" decoding=\"async\" width=\"480\" height=\"480\" src=\"https:\/\/apartmanykb.sk\/wp-content\/uploads\/2026\/01\/wellness.jpg\" class=\"attachment-us_480_480 size-us_480_480\" alt=\"Wellness\" loading=\"eager\" \/><\/div><\/div><div class=\"w-video us_custom_b850cdbf align_none ratio_custom has_border_radius\"><div class=\"w-video-h\" style=\"padding-bottom:140%\"><video  preload=\"metadata\" playsinline autoplay loop muted><source type=\"video\/mp4\" src=\"\/wp-content\/uploads\/2025\/12\/voda.mp4\" \/><\/video><\/div><\/div><\/div><div class=\"w-hwrapper us_custom_703b2333 akb-rating-block valign_middle align_left\" style=\"--hwrapper-gap:0.625rem\"><div class=\"w-image us_custom_f0a433ca img-contain shrink-0 has_height align_none\"><div class=\"w-image-h\"><img decoding=\"async\" src=\"https:\/\/apartmanykb.sk\/wp-content\/uploads\/2025\/12\/stars-accent.svg\" class=\"attachment-full size-full\" alt=\"5 hviezdi\u010diek\" loading=\"eager\" \/><\/div><\/div><div class=\"wpb_text_column text-16 text-unresponsive\"><div class=\"wpb_wrapper\"><p><strong>9.8 &#8211;<\/strong> <a class=\"underline\" href=\"#hodnotenia\">Ratings<\/a><\/p>\n<\/div><\/div><\/div><div class=\"wpb_text_column us_custom_aec7dde0 text-18\"><div class=\"wpb_wrapper\"><p>Whether you wish to enjoy a good swim or relax in the whirlpool, Wellness Val\u00e9ria offers <strong>abundant relaxation opportunities<\/strong>. Wellness access is included with your accommodation.<\/p>\n<\/div><\/div><div class=\"w-btn-wrapper align_none\"><a class=\"w-btn us-btn-style_2 us_custom_703b2333 modal-opener-reserve\" href=\"#\"><span class=\"w-btn-label\">Book a stay<\/span><\/a><\/div><\/div><\/div><div class=\"wpb_column vc_column_container\"><div class=\"vc_column-inner\"><div class=\"w-image us_custom_c40cf848 img-contain opacity-35 has_ratio align_none\"><div class=\"w-image-h\"><div style=\"padding-bottom:54.4312%\"><\/div><img decoding=\"async\" width=\"1512\" height=\"823\" src=\"https:\/\/apartmanykb.sk\/wp-content\/uploads\/2025\/12\/les.png\" class=\"attachment-us_1512_823 size-us_1512_823\" alt=\"Les\" loading=\"eager\" \/><\/div><\/div><div class=\"w-hwrapper us_custom_8c54c684 us_animate_this hide_on_tablets hide_on_mobiles valign_top align_none\" style=\"--hwrapper-gap:0px\"><div class=\"w-image us_custom_2034482b has_ratio align_none\"><div class=\"w-image-h\"><div style=\"padding-bottom:100%\"><\/div><img fetchpriority=\"high\" decoding=\"async\" width=\"480\" height=\"480\" src=\"https:\/\/apartmanykb.sk\/wp-content\/uploads\/2026\/01\/wellness.jpg\" class=\"attachment-us_480_480 size-us_480_480\" alt=\"Wellness\" loading=\"eager\" \/><\/div><\/div><div class=\"w-video us_custom_b850cdbf align_none ratio_custom has_border_radius\"><div class=\"w-video-h\" style=\"padding-bottom:140%\"><video  preload=\"metadata\" playsinline autoplay loop muted><source type=\"video\/mp4\" src=\"\/wp-content\/uploads\/2025\/12\/voda.mp4\" \/><\/video><\/div><\/div><\/div><\/div><\/div><\/div><\/div><\/section><section class=\"l-section wpb_row us_custom_9d1e26d6 height_auto\"><div class=\"l-section-h i-cf\"><div class=\"g-cols vc_row via_grid cols_3 laptops-cols_inherit tablets-cols_inherit mobiles-cols_1 valign_top type_default stacking_default\" style=\"--columns-gap:1.25rem;--laptops-columns-gap:1.25rem;--tablets-columns-gap:2rem;--mobiles-columns-gap:2rem;\"><div class=\"wpb_column vc_column_container us_custom_8f2ba1f4 us_animate_this\"><div class=\"vc_column-inner\"><div class=\"w-image us_custom_c40b12d3 img-contain shrink-0 has_height align_none\"><div class=\"w-image-h\"><img decoding=\"async\" width=\"24\" height=\"24\" src=\"https:\/\/apartmanykb.sk\/wp-content\/uploads\/2025\/12\/food.svg\" class=\"attachment-us_24_24 size-us_24_24\" alt=\"jedlo\" loading=\"lazy\" \/><\/div><\/div><div class=\"wpb_text_column us_custom_703b2333 text-18 text-unresponsive\"><div class=\"wpb_wrapper\"><p>The wellness center is located in Hotel Lomnica*****, which is <strong>in close proximity<\/strong> to the apartments.<\/p>\n<\/div><\/div><\/div><\/div><div class=\"wpb_column vc_column_container us_custom_8f2ba1f4 us_animate_this\"><div class=\"vc_column-inner\"><div class=\"w-image us_custom_c40b12d3 img-contain shrink-0 has_height align_none\"><div class=\"w-image-h\"><img decoding=\"async\" width=\"24\" height=\"24\" src=\"https:\/\/apartmanykb.sk\/wp-content\/uploads\/2025\/12\/scope.svg\" class=\"attachment-us_24_24 size-us_24_24\" alt=\"teleskop\" loading=\"lazy\" \/><\/div><\/div><div class=\"wpb_text_column us_custom_703b2333 text-18 text-unresponsive\"><div class=\"wpb_wrapper\"><p>Reservation required prior to visit at <a href=\"tel:+421522853518\"><strong>+421 522 853 518<\/strong><\/a> or <a class=\"underline\" href=\"mailto:wellness@hotellomnica.sk\">wellness@hotellomnica.sk<\/a><\/p>\n<\/div><\/div><\/div><\/div><div class=\"wpb_column vc_column_container us_custom_8f2ba1f4 us_animate_this\"><div class=\"vc_column-inner\"><div class=\"w-image us_custom_c40b12d3 img-contain shrink-0 has_height align_none\"><div class=\"w-image-h\"><img decoding=\"async\" width=\"24\" height=\"24\" src=\"https:\/\/apartmanykb.sk\/wp-content\/uploads\/2025\/12\/bed.svg\" class=\"attachment-us_24_24 size-us_24_24\" alt=\"poste\u013e\" loading=\"lazy\" \/><\/div><\/div><div class=\"wpb_text_column us_custom_703b2333 text-18 text-unresponsive\"><div class=\"wpb_wrapper\"><p><strong>Open daily<\/strong> from 10:00 AM to 10:00 PM. Entry for children under 16 is permitted only when accompanied by an adult, daily until 7:00 PM.<br \/>\n<a class=\"underline\" href=\"https:\/\/hotellomnica.sk\/wellness\" target=\"_blank\" rel=\"noopener\">More information about entry<\/a><\/p>\n<\/div><\/div><\/div><\/div><\/div><\/div><\/section><section class=\"l-section wpb_row us_custom_8c5ed5eb height_auto\"><div class=\"l-section-h i-cf\"><div class=\"g-cols vc_row via_grid cols_1 laptops-cols_inherit tablets-cols_inherit mobiles-cols_1 valign_top type_default stacking_default\"><div class=\"wpb_column vc_column_container us_custom_60e9caca us_animate_this\"><div class=\"vc_column-inner\"><div class=\"wpb_text_column us_custom_eb849559\"><div class=\"wpb_wrapper\"><h2>Wellness Zone<\/h2>\n<\/div><\/div><\/div><\/div><\/div><\/div><\/section><section class=\"l-section wpb_row us_custom_d0dbc50e height_auto\"><div class=\"l-section-h i-cf\"><div class=\"g-cols vc_row via_grid cols_2 laptops-cols_inherit tablets-cols_inherit mobiles-cols_1 valign_top type_default stacking_default equal_height\" style=\"--columns-gap:1.25rem;--laptops-columns-gap:1.25rem;--tablets-columns-gap:2rem;--mobiles-columns-gap:2rem;\"><div class=\"wpb_column vc_column_container us_custom_8f2ba1f4 us_animate_this\"><div class=\"vc_column-inner\"><div class=\"w-image us_custom_9cde0fdf img-cover has_ratio align_none\"><div class=\"w-image-h\"><div style=\"padding-bottom:72.4138%\"><\/div><img decoding=\"async\" width=\"580\" height=\"420\" src=\"https:\/\/apartmanykb.sk\/wp-content\/uploads\/2026\/01\/bazen-s-hydromasazou-a-protiprudom.jpg\" class=\"attachment-us_580_420 size-us_580_420\" alt=\"Baz\u00e9n s hydromas\u00e1\u017eou a protipr\u00fadom\" loading=\"lazy\" \/><\/div><\/div><div class=\"wpb_text_column us_custom_987f527f text-18 has_text_color\"><div class=\"wpb_wrapper\"><p>Pool with Hydromassage and Countercurrent<\/p>\n<\/div><\/div><div class=\"wpb_text_column text-16\"><div class=\"wpb_wrapper\"><p>Active and passive relaxation.<\/p>\n<\/div><\/div><\/div><\/div><div class=\"wpb_column vc_column_container\"><div class=\"vc_column-inner\"><div class=\"g-cols wpb_row section-unresponsive via_grid cols_2 laptops-cols_inherit tablets-cols_inherit mobiles-cols_1 valign_top type_default equal_height\" style=\"--columns-gap:1.25rem;\"><div class=\"wpb_column vc_column_container us_custom_8f2ba1f4 us_animate_this\"><div class=\"vc_column-inner\"><div class=\"w-image us_custom_9cde0fdf img-cover has_ratio align_none\"><div class=\"w-image-h\"><div style=\"padding-bottom:150%\"><\/div><img decoding=\"async\" width=\"280\" height=\"420\" src=\"https:\/\/apartmanykb.sk\/wp-content\/uploads\/2026\/01\/vnutorna-virivka-a-relax-zona.jpg\" class=\"attachment-us_280_420 size-us_280_420\" alt=\"Vn\u00fatorn\u00e1 v\u00edrivka a relax z\u00f3na\" loading=\"lazy\" \/><\/div><\/div><div class=\"wpb_text_column us_custom_987f527f text-18 has_text_color\"><div class=\"wpb_wrapper\"><p>Indoor Whirlpool and Relaxation Zone<\/p>\n<\/div><\/div><div class=\"wpb_text_column text-16\"><div class=\"wpb_wrapper\"><p>Relaxation for the body. Reset for the mind.<\/p>\n<\/div><\/div><\/div><\/div><div class=\"wpb_column vc_column_container us_custom_8f2ba1f4 us_animate_this\"><div class=\"vc_column-inner\"><div class=\"w-image us_custom_9cde0fdf img-cover has_ratio align_none\"><div class=\"w-image-h\"><div style=\"padding-bottom:150%\"><\/div><img decoding=\"async\" width=\"280\" height=\"420\" src=\"https:\/\/apartmanykb.sk\/wp-content\/uploads\/2026\/01\/vonkajsia-virivka-a-terasa.jpg\" class=\"attachment-us_280_420 size-us_280_420\" alt=\"Vonkaj\u0161ia v\u00edrivka a terasa\" loading=\"lazy\" \/><\/div><\/div><div class=\"wpb_text_column us_custom_987f527f text-18 has_text_color\"><div class=\"wpb_wrapper\"><p>Outdoor Whirlpool and Terrace<\/p>\n<\/div><\/div><div class=\"wpb_text_column text-16\"><div class=\"wpb_wrapper\"><p>Magical in winter and at sunset.<\/p>\n<\/div><\/div><\/div><\/div><\/div><\/div><\/div><\/div><\/div><\/section><section class=\"l-section wpb_row us_custom_8c5ed5eb height_auto\"><div class=\"l-section-h i-cf\"><div class=\"g-cols vc_row via_grid cols_1 laptops-cols_inherit tablets-cols_inherit mobiles-cols_1 valign_top type_default stacking_default\"><div class=\"wpb_column vc_column_container us_custom_60e9caca us_animate_this\"><div class=\"vc_column-inner\"><div class=\"wpb_text_column us_custom_eb849559\"><div class=\"wpb_wrapper\"><h2>SPA Treatments<\/h2>\n<\/div><\/div><\/div><\/div><\/div><\/div><\/section><section class=\"l-section wpb_row us_custom_d0dbc50e height_auto\"><div class=\"l-section-h i-cf\"><div class=\"g-cols vc_row via_grid cols_2 laptops-cols_inherit tablets-cols_inherit mobiles-cols_1 valign_top type_default stacking_default equal_height\" style=\"--columns-gap:1.25rem;--laptops-columns-gap:1.25rem;--tablets-columns-gap:2rem;--mobiles-columns-gap:2rem;\"><div class=\"wpb_column vc_column_container\"><div class=\"vc_column-inner\"><div class=\"g-cols wpb_row section-unresponsive via_grid cols_2 laptops-cols_inherit tablets-cols_inherit mobiles-cols_1 valign_top type_default equal_height\" style=\"--columns-gap:1.25rem;\"><div class=\"wpb_column vc_column_container us_custom_8f2ba1f4 us_animate_this\"><div class=\"vc_column-inner\"><div class=\"w-image us_custom_9cde0fdf img-cover has_ratio align_none\"><div class=\"w-image-h\"><div style=\"padding-bottom:150%\"><\/div><img decoding=\"async\" width=\"280\" height=\"420\" src=\"https:\/\/apartmanykb.sk\/wp-content\/uploads\/2026\/01\/telove-osetrenia.jpg\" class=\"attachment-us_280_420 size-us_280_420\" alt=\"Telov\u00e9 o\u0161etrenia\" loading=\"lazy\" \/><\/div><\/div><div class=\"wpb_text_column us_custom_987f527f text-18 has_text_color\"><div class=\"wpb_wrapper\"><p>Massages<\/p>\n<\/div><\/div><div class=\"wpb_text_column text-16\"><div class=\"wpb_wrapper\"><p>Relaxation, deep tissue, aromatherapy, for children and expectant mothers, special techniques.<\/p>\n<\/div><\/div><\/div><\/div><div class=\"wpb_column vc_column_container us_custom_8f2ba1f4 us_animate_this\"><div class=\"vc_column-inner\"><div class=\"w-image us_custom_9cde0fdf img-cover has_ratio align_none\"><div class=\"w-image-h\"><div style=\"padding-bottom:150%\"><\/div><img decoding=\"async\" width=\"280\" height=\"420\" src=\"https:\/\/apartmanykb.sk\/wp-content\/uploads\/2026\/01\/spa-ritualy.jpg\" class=\"attachment-us_280_420 size-us_280_420\" alt=\"Spa ritu\u00e1ly\" loading=\"lazy\" \/><\/div><\/div><div class=\"wpb_text_column us_custom_987f527f text-18 has_text_color\"><div class=\"wpb_wrapper\"><p>Spa Rituals<\/p>\n<\/div><\/div><div class=\"wpb_text_column text-16\"><div class=\"wpb_wrapper\"><p>Extended multi-step treatments inspired by nature.<\/p>\n<\/div><\/div><\/div><\/div><\/div><\/div><\/div><div class=\"wpb_column vc_column_container\"><div class=\"vc_column-inner\"><div class=\"g-cols wpb_row section-unresponsive via_grid cols_2 laptops-cols_inherit tablets-cols_inherit mobiles-cols_1 valign_top type_default equal_height\" style=\"--columns-gap:1.25rem;\"><div class=\"wpb_column vc_column_container us_custom_8f2ba1f4 us_animate_this\"><div class=\"vc_column-inner\"><div class=\"w-image us_custom_9cde0fdf img-cover has_ratio align_none\"><div class=\"w-image-h\"><div style=\"padding-bottom:150%\"><\/div><img decoding=\"async\" width=\"280\" height=\"420\" src=\"https:\/\/apartmanykb.sk\/wp-content\/uploads\/2026\/01\/masaze.jpg\" class=\"attachment-us_280_420 size-us_280_420\" alt=\"Mas\u00e1\u017ee\" loading=\"lazy\" \/><\/div><\/div><div class=\"wpb_text_column us_custom_987f527f text-18 has_text_color\"><div class=\"wpb_wrapper\"><p>Body Treatments<\/p>\n<\/div><\/div><div class=\"wpb_text_column text-16\"><div class=\"wpb_wrapper\"><p>Hydration, detox, firming, body wraps and scrubs.<\/p>\n<\/div><\/div><\/div><\/div><div class=\"wpb_column vc_column_container us_custom_8f2ba1f4 us_animate_this\"><div class=\"vc_column-inner\"><div class=\"w-image us_custom_9cde0fdf img-cover has_ratio align_none\"><div class=\"w-image-h\"><div style=\"padding-bottom:150%\"><\/div><img decoding=\"async\" width=\"280\" height=\"420\" src=\"https:\/\/apartmanykb.sk\/wp-content\/uploads\/2026\/01\/tvarove-osetrenia.jpg\" class=\"attachment-us_280_420 size-us_280_420\" alt=\"Tv\u00e1rov\u00e9 o\u0161etrenia\" loading=\"lazy\" \/><\/div><\/div><div class=\"wpb_text_column us_custom_987f527f text-18 has_text_color\"><div class=\"wpb_wrapper\"><p>Facial Treatments<\/p>\n<\/div><\/div><div class=\"wpb_text_column text-16\"><div class=\"wpb_wrapper\"><p>For women and men, for sensitive and mature skin, with luxury Anne Semonin cosmetics.<\/p>\n<\/div><\/div><\/div><\/div><\/div><\/div><\/div><\/div><\/div><\/section><section class=\"l-section wpb_row us_custom_8c5ed5eb height_auto\"><div class=\"l-section-h i-cf\"><div class=\"g-cols vc_row via_grid cols_1 laptops-cols_inherit tablets-cols_inherit mobiles-cols_1 valign_top type_default stacking_default\"><div class=\"wpb_column vc_column_container us_custom_60e9caca us_animate_this\"><div class=\"vc_column-inner\"><div class=\"wpb_text_column us_custom_eb849559\"><div class=\"wpb_wrapper\"><h2>Sauna World<\/h2>\n<\/div><\/div><\/div><\/div><\/div><\/div><\/section><section class=\"l-section wpb_row us_custom_d0dbc50e section-cols-mobile-2 height_auto\"><div class=\"l-section-h i-cf\"><div class=\"g-cols vc_row via_grid cols_5 laptops-cols_inherit tablets-cols_inherit mobiles-cols_1 valign_top type_default stacking_default equal_height\" style=\"--columns-gap:1.25rem;\"><div class=\"wpb_column vc_column_container us_custom_8f2ba1f4 us_animate_this\"><div class=\"vc_column-inner\"><div class=\"w-image us_custom_9cde0fdf img-cover has_ratio align_none\"><div class=\"w-image-h\"><div style=\"padding-bottom:149.7738%\"><\/div><img decoding=\"async\" width=\"221\" height=\"331\" src=\"https:\/\/apartmanykb.sk\/wp-content\/uploads\/2026\/01\/finska-sucha-sauna.jpg\" class=\"attachment-us_280_420 size-us_280_420\" alt=\"F\u00ednska such\u00e1 sauna\" loading=\"lazy\" \/><\/div><\/div><div class=\"wpb_text_column us_custom_987f527f text-18 has_text_color\"><div class=\"wpb_wrapper\"><p>Finnish Dry Sauna<\/p>\n<\/div><\/div><div class=\"wpb_text_column text-16\"><div class=\"wpb_wrapper\"><p>90-110\u00b0C, intense dry heat.<\/p>\n<\/div><\/div><\/div><\/div><div class=\"wpb_column vc_column_container us_custom_8f2ba1f4 us_animate_this\"><div class=\"vc_column-inner\"><div class=\"w-image us_custom_9cde0fdf img-cover has_ratio align_none\"><div class=\"w-image-h\"><div style=\"padding-bottom:149.7738%\"><\/div><img decoding=\"async\" width=\"1200\" height=\"800\" src=\"https:\/\/apartmanykb.sk\/wp-content\/uploads\/2026\/02\/Parna-Sauna.jpg\" class=\"attachment-full size-full\" alt=\"\" loading=\"lazy\" \/><\/div><\/div><div class=\"wpb_text_column us_custom_987f527f text-18 has_text_color\"><div class=\"wpb_wrapper\"><p>Steam Sauna<\/p>\n<\/div><\/div><div class=\"wpb_text_column text-16\"><div class=\"wpb_wrapper\"><p>37-45\u00b0C (100% humidity),<br \/>\nrespiratory relief, excellent before treatments.<\/p>\n<\/div><\/div><\/div><\/div><div class=\"wpb_column vc_column_container us_custom_8f2ba1f4 us_animate_this\"><div class=\"vc_column-inner\"><div class=\"w-image us_custom_9cde0fdf img-cover has_ratio align_none\"><div class=\"w-image-h\"><div style=\"padding-bottom:149.7738%\"><\/div><img decoding=\"async\" width=\"1200\" height=\"800\" src=\"https:\/\/apartmanykb.sk\/wp-content\/uploads\/2026\/02\/Infra-sauna.jpg\" class=\"attachment-full size-full\" alt=\"\" loading=\"lazy\" \/><\/div><\/div><div class=\"wpb_text_column us_custom_987f527f text-18 has_text_color\"><div class=\"wpb_wrapper\"><p>Infrared Sauna<\/p>\n<\/div><\/div><div class=\"wpb_text_column text-16\"><div class=\"wpb_wrapper\"><p>40-65\u00b0C, gentle deep heat after physical exertion.<\/p>\n<\/div><\/div><\/div><\/div><div class=\"wpb_column vc_column_container us_custom_8f2ba1f4 us_animate_this\"><div class=\"vc_column-inner\"><div class=\"w-image us_custom_9cde0fdf img-cover has_ratio align_none\"><div class=\"w-image-h\"><div style=\"padding-bottom:149.7738%\"><\/div><img decoding=\"async\" width=\"221\" height=\"331\" src=\"https:\/\/apartmanykb.sk\/wp-content\/uploads\/2026\/01\/sprcha.jpg\" class=\"attachment-us_280_420 size-us_280_420\" alt=\"Ochladzovac\u00ed baz\u00e9n\u2028a \u013eadov\u00e9 vedro\" loading=\"lazy\" \/><\/div><\/div><div class=\"wpb_text_column us_custom_987f527f text-18 has_text_color\"><div class=\"wpb_wrapper\"><p>Plunge Pool and Ice Bucket<\/p>\n<\/div><\/div><div class=\"wpb_text_column text-16\"><div class=\"wpb_wrapper\"><p>For invigoration and vitality.<\/p>\n<\/div><\/div><\/div><\/div><div class=\"wpb_column vc_column_container us_custom_8f2ba1f4 us_animate_this\"><div class=\"vc_column-inner\"><div class=\"w-image us_custom_9cde0fdf img-cover has_ratio align_none\"><div class=\"w-image-h\"><div style=\"padding-bottom:149.7738%\"><\/div><img decoding=\"async\" width=\"1200\" height=\"800\" src=\"https:\/\/apartmanykb.sk\/wp-content\/uploads\/2026\/02\/Tepidarium.jpg\" class=\"attachment-full size-full\" alt=\"\" loading=\"lazy\" \/><\/div><\/div><div class=\"wpb_text_column us_custom_987f527f text-18 has_text_color\"><div class=\"wpb_wrapper\"><p>Tepidaria<\/p>\n<\/div><\/div><div class=\"wpb_text_column text-16\"><div class=\"wpb_wrapper\"><p>Salt and Tatra, relaxation phases between saunas.<\/p>\n<\/div><\/div><\/div><\/div><\/div><\/div><\/section><section class=\"l-section wpb_row us_custom_3dfbf90b height_auto width_custom\" style=\"--site-content-width:645px;\"><div class=\"l-section-h i-cf\"><div class=\"g-cols vc_row via_grid cols_1 laptops-cols_inherit tablets-cols_inherit mobiles-cols_1 valign_top type_default stacking_default\"><div class=\"wpb_column vc_column_container us_custom_60e9caca us_animate_this\"><div class=\"vc_column-inner\"><div class=\"wpb_text_column us_custom_eb849559\"><div class=\"wpb_wrapper\"><h3>More information about wellness facilities can be found on the Hotel Lomnica website.<\/h3>\n<\/div><\/div><div class=\"w-btn-wrapper align_center\"><a class=\"w-btn us-btn-style_3 us_custom_45fc385b btn-icon-external btn-icon-position-after\" target=\"_blank\" href=\"https:\/\/hotellomnica.sk\/wellness\" rel=\"noopener\"><span class=\"w-btn-label\">Visit Website<\/span><\/a><\/div><\/div><\/div><\/div><\/div><\/section>\n","protected":false},"excerpt":{"rendered":"Wellness spa Accommodation includes wellness relaxation 9.8 &#8211; Ratings Whether you wish to enjoy a good swim or relax in the whirlpool, Wellness Val\u00e9ria offers abundant relaxation opportunities. Wellness access is included with your accommodation. Book a stayThe wellness center is located in Hotel Lomnica*****, which is in close proximity to the apartments. Reservation required...","protected":false},"author":1,"featured_media":0,"parent":0,"menu_order":0,"comment_status":"closed","ping_status":"closed","template":"","meta":{"footnotes":""},"class_list":["post-917","page","type-page","status-publish","hentry"],"_links":{"self":[{"href":"https:\/\/apartmanykb.sk\/en\/wp-json\/wp\/v2\/pages\/917","targetHints":{"allow":["GET"]}}],"collection":[{"href":"https:\/\/apartmanykb.sk\/en\/wp-json\/wp\/v2\/pages"}],"about":[{"href":"https:\/\/apartmanykb.sk\/en\/wp-json\/wp\/v2\/types\/page"}],"author":[{"embeddable":true,"href":"https:\/\/apartmanykb.sk\/en\/wp-json\/wp\/v2\/users\/1"}],"replies":[{"embeddable":true,"href":"https:\/\/apartmanykb.sk\/en\/wp-json\/wp\/v2\/comments?post=917"}],"version-history":[{"count":0,"href":"https:\/\/apartmanykb.sk\/en\/wp-json\/wp\/v2\/pages\/917\/revisions"}],"wp:attachment":[{"href":"https:\/\/apartmanykb.sk\/en\/wp-json\/wp\/v2\/media?parent=917"}],"curies":[{"name":"wp","href":"https:\/\/api.w.org\/{rel}","templated":true}]}}